{"id":23,"date":"2025-09-09T18:15:50","date_gmt":"2025-09-09T18:15:50","guid":{"rendered":"http:\/\/www.eparcasepeti.com\/?page_id=23"},"modified":"2025-10-30T07:11:56","modified_gmt":"2025-10-30T07:11:56","slug":"23-2","status":"publish","type":"page","link":"https:\/\/www.eparcasepeti.com\/","title":{"rendered":""},"content":{"rendered":"\n\t<div id=\"gap-1140430853\" class=\"gap-element clearfix\" style=\"display:block; height:auto;\">\n\t\t\n<style>\n#gap-1140430853 {\n  padding-top: 30px;\n}\n<\/style>\n\t<\/div>\n\t\n\n<div class=\"slider-wrapper relative hide-for-medium\" id=\"slider-720198103\" >\n    <div class=\"slider slider-nav-circle slider-nav-large slider-nav-light slider-style-container\"\n        data-flickity-options='{\n            \"cellAlign\": \"center\",\n            \"imagesLoaded\": true,\n            \"lazyLoad\": 1,\n            \"freeScroll\": false,\n            \"wrapAround\": true,\n            \"autoPlay\": 6000,\n            \"pauseAutoPlayOnHover\" : true,\n            \"prevNextButtons\": true,\n            \"contain\" : true,\n            \"adaptiveHeight\" : true,\n            \"dragThreshold\" : 10,\n            \"percentPosition\": true,\n            \"pageDots\": true,\n            \"rightToLeft\": false,\n            \"draggable\": true,\n            \"selectedAttraction\": 0.1,\n            \"parallax\" : 0,\n            \"friction\": 0.6        }'\n        >\n        \n\n\n  <div class=\"banner has-hover\" id=\"banner-1400468560\">\n          <div class=\"banner-inner fill\">\n        <div class=\"banner-bg fill\" >\n            <img loading=\"lazy\" decoding=\"async\" width=\"1366\" height=\"768\" src=\"https:\/\/www.eparcasepeti.com\/wp-content\/uploads\/2025\/10\/banner1.jpg\" class=\"bg attachment-original size-original\" alt=\"\" \/>                                    \n                    <\/div>\n\t\t\n        <div class=\"banner-layers container\">\n            <div class=\"fill banner-link\"><\/div>            \n\n   <div id=\"text-box-1693484087\" class=\"text-box banner-layer x5 md-x5 lg-x5 y10 md-y10 lg-y10 res-text\">\n                     <div data-animate=\"fadeInLeft\">           <div class=\"text-box-content text dark\">\n              \n              <div class=\"text-inner text-center\">\n                  \n\n\t<div id=\"text-494253032\" class=\"text\">\n\t\t\n\n<h1>Arad\u0131\u011f\u0131n Orijinal Yedek Par\u00e7a Burada.!<\/h1>\n\t\t\n<style>\n#text-494253032 {\n  text-align: left;\n  color: rgb(0,0,0);\n}\n#text-494253032 > * {\n  color: rgb(0,0,0);\n}\n<\/style>\n\t<\/div>\n\t\n\n              <\/div>\n           <\/div>\n       <\/div>                     \n<style>\n#text-box-1693484087 {\n  width: 44%;\n}\n#text-box-1693484087 .text-box-content {\n  font-size: 100%;\n}\n<\/style>\n    <\/div>\n \n\n        <\/div>\n      <\/div>\n\n            \n<style>\n#banner-1400468560 {\n  padding-top: 41.39%;\n}\n#banner-1400468560 .banner-bg img {\n  object-position: 0% 100%;\n}\n<\/style>\n  <\/div>\n\n\n\n     <\/div>\n\n     <div class=\"loading-spin dark large centered\"><\/div>\n\n\t<\/div>\n\n\n<div class=\"slider-wrapper relative show-for-small\" id=\"slider-697409967\" >\n    <div class=\"slider slider-nav-circle slider-nav-large slider-nav-light slider-style-container\"\n        data-flickity-options='{\n            \"cellAlign\": \"center\",\n            \"imagesLoaded\": true,\n            \"lazyLoad\": 1,\n            \"freeScroll\": false,\n            \"wrapAround\": true,\n            \"autoPlay\": 6000,\n            \"pauseAutoPlayOnHover\" : true,\n            \"prevNextButtons\": true,\n            \"contain\" : true,\n            \"adaptiveHeight\" : true,\n            \"dragThreshold\" : 10,\n            \"percentPosition\": true,\n            \"pageDots\": true,\n            \"rightToLeft\": false,\n            \"draggable\": true,\n            \"selectedAttraction\": 0.1,\n            \"parallax\" : 0,\n            \"friction\": 0.6        }'\n        >\n        \n\n\n  <div class=\"banner has-hover\" id=\"banner-788158385\">\n          <div class=\"banner-inner fill\">\n        <div class=\"banner-bg fill\" >\n            <img loading=\"lazy\" decoding=\"async\" width=\"1366\" height=\"768\" src=\"https:\/\/www.eparcasepeti.com\/wp-content\/uploads\/2025\/10\/banner1.jpg\" class=\"bg attachment-original size-original\" alt=\"\" \/>                                    \n                    <\/div>\n\t\t\n        <div class=\"banner-layers container\">\n            <div class=\"fill banner-link\"><\/div>            \n\n   <div id=\"text-box-215376220\" class=\"text-box banner-layer x50 md-x5 lg-x5 y15 md-y10 lg-y10 res-text\">\n                     <div data-animate=\"fadeInLeft\">           <div class=\"text-box-content text dark\">\n              \n              <div class=\"text-inner text-center\">\n                  \n\n\t<div id=\"text-1165694549\" class=\"text\">\n\t\t\n\n<h1>Arad\u0131\u011f\u0131n Orijinal Yedek Par\u00e7a Burada.!<\/h1>\n\t\t\n<style>\n#text-1165694549 {\n  text-align: center;\n  color: rgb(0,0,0);\n}\n#text-1165694549 > * {\n  color: rgb(0,0,0);\n}\n@media (min-width:550px) {\n  #text-1165694549 {\n    text-align: left;\n  }\n}\n<\/style>\n\t<\/div>\n\t\n\n              <\/div>\n           <\/div>\n       <\/div>                     \n<style>\n#text-box-215376220 {\n  width: 89%;\n}\n#text-box-215376220 .text-box-content {\n  font-size: 45%;\n}\n@media (min-width:550px) {\n  #text-box-215376220 {\n    width: 44%;\n  }\n  #text-box-215376220 .text-box-content {\n    font-size: 100%;\n  }\n}\n<\/style>\n    <\/div>\n \n\n        <\/div>\n      <\/div>\n\n            \n<style>\n#banner-788158385 {\n  padding-top: 41.39%;\n}\n#banner-788158385 .banner-bg img {\n  object-position: 0% 100%;\n}\n<\/style>\n  <\/div>\n\n\n\n     <\/div>\n\n     <div class=\"loading-spin dark large centered\"><\/div>\n\n\t<\/div>\n\n\n\t<div id=\"gap-1257023080\" class=\"gap-element clearfix\" style=\"display:block; height:auto;\">\n\t\t\n<style>\n#gap-1257023080 {\n  padding-top: 30px;\n}\n<\/style>\n\t<\/div>\n\t\n\n\n  <div class=\"banner has-hover hide-for-medium\" id=\"banner-1027501071\">\n          <div class=\"banner-inner fill\">\n        <div class=\"banner-bg fill\" >\n            <img loading=\"lazy\" decoding=\"async\" width=\"1366\" height=\"230\" src=\"https:\/\/www.eparcasepeti.com\/wp-content\/uploads\/2025\/10\/banner2.jpg\" class=\"bg attachment-original size-original\" alt=\"\" \/>                        <div class=\"overlay\"><\/div>            \n                    <\/div>\n\t\t\n        <div class=\"banner-layers container\">\n            <div class=\"fill banner-link\"><\/div>            \n\n   <div id=\"text-box-1252683529\" class=\"text-box banner-layer x95 md-x95 lg-x95 y50 md-y50 lg-y50 res-text\">\n                                <div class=\"text-box-content text dark\">\n              \n              <div class=\"text-inner text-right\">\n                  \n\n\t<div id=\"text-2600711164\" class=\"text\">\n\t\t\n\n<h2><strong>B2b <br \/>Toptan Sat\u0131\u015f<\/strong><\/h2>\n<p><strong>Avantajl\u0131 Fiyatlar | H\u0131zl\u0131 Teslimat | Kurye | Kargo Takip | Online \u00d6deme ve bir \u00e7ok \u00f6zellikten sizde faydalanmak istiyorsan\u0131z bize kat\u0131l\u0131n.<\/strong><\/p>\n\t\t\n<style>\n#text-2600711164 {\n  color: rgb(0,0,0);\n}\n#text-2600711164 > * {\n  color: rgb(0,0,0);\n}\n<\/style>\n\t<\/div>\n\t\n<a href=\"https:\/\/www.eparcasepeti.com\/?page_id=201\" class=\"button secondary\" >\n\t\t<span>Bayi Talep Formu<\/span>\n\t<\/a>\n\n\n\n              <\/div>\n           <\/div>\n                            \n<style>\n#text-box-1252683529 {\n  width: 82%;\n}\n#text-box-1252683529 .text-box-content {\n  font-size: 100%;\n}\n@media (min-width:550px) {\n  #text-box-1252683529 {\n    width: 63%;\n  }\n}\n<\/style>\n    <\/div>\n \n\n        <\/div>\n      <\/div>\n\n            \n<style>\n#banner-1027501071 {\n  padding-top: 230px;\n}\n#banner-1027501071 .overlay {\n  background-color: rgba(255,255,255,.5);\n}\n<\/style>\n  <\/div>\n\n\n\n  <div class=\"banner has-hover show-for-small\" id=\"banner-2003393234\">\n          <div class=\"banner-inner fill\">\n        <div class=\"banner-bg fill\" >\n            <img loading=\"lazy\" decoding=\"async\" width=\"1366\" height=\"230\" src=\"https:\/\/www.eparcasepeti.com\/wp-content\/uploads\/2025\/10\/banner2.jpg\" class=\"bg attachment-original size-original\" alt=\"\" \/>                        <div class=\"overlay\"><\/div>            \n                    <\/div>\n\t\t\n        <div class=\"banner-layers container\">\n            <div class=\"fill banner-link\"><\/div>            \n\n   <div id=\"text-box-1806152570\" class=\"text-box banner-layer x95 md-x95 lg-x95 y50 md-y50 lg-y50 res-text\">\n                                <div class=\"text-box-content text dark\">\n              \n              <div class=\"text-inner text-right\">\n                  \n\n\t<div id=\"text-288753984\" class=\"text\">\n\t\t\n\n<h2><strong>B2b <br \/>Toptan Sat\u0131\u015f<\/strong><\/h2>\n<p><strong>Avantajl\u0131 Fiyatlar | H\u0131zl\u0131 Teslimat | Kurye | Kargo Takip | Online \u00d6deme ve bir \u00e7ok \u00f6zellikten sizde faydalanmak istiyorsan\u0131z bize kat\u0131l\u0131n.<\/strong><\/p>\n\t\t\n<style>\n#text-288753984 {\n  text-align: right;\n  color: rgb(0,0,0);\n}\n#text-288753984 > * {\n  color: rgb(0,0,0);\n}\n<\/style>\n\t<\/div>\n\t\n<a href=\"https:\/\/www.eparcasepeti.com\/?page_id=201\" class=\"button secondary\" >\n\t\t<span>Bayi Talep Formu<\/span>\n\t<\/a>\n\n\n\n              <\/div>\n           <\/div>\n                            \n<style>\n#text-box-1806152570 {\n  width: 93%;\n}\n#text-box-1806152570 .text-box-content {\n  font-size: 100%;\n}\n@media (min-width:550px) {\n  #text-box-1806152570 {\n    width: 63%;\n  }\n}\n<\/style>\n    <\/div>\n \n\n        <\/div>\n      <\/div>\n\n            \n<style>\n#banner-2003393234 {\n  padding-top: 50%;\n}\n#banner-2003393234 .overlay {\n  background-color: rgba(255,255,255,.5);\n}\n#banner-2003393234 .banner-bg img {\n  object-position: 66% 0%;\n}\n@media (min-width:550px) {\n  #banner-2003393234 {\n    padding-top: 230px;\n  }\n  #banner-2003393234 .overlay {\n    background-color: rgba(0, 0, 0, 0.2);\n  }\n}\n<\/style>\n  <\/div>\n\n\n\t<div id=\"gap-1369808710\" class=\"gap-element clearfix\" style=\"display:block; height:auto;\">\n\t\t\n<style>\n#gap-1369808710 {\n  padding-top: 30px;\n}\n<\/style>\n\t<\/div>\n\t\n\n<div class=\"row\"  id=\"row-1221362128\">\n\n\n\t<div id=\"col-278472305\" class=\"col medium-7 small-12 large-7\"  >\n\t\t\t\t<div class=\"col-inner\"  >\n\t\t\t\n\t\t\t\n\n\n  <div class=\"banner has-hover\" id=\"banner-2068748002\">\n          <div class=\"banner-inner fill\">\n        <div class=\"banner-bg fill\" >\n            <img loading=\"lazy\" decoding=\"async\" width=\"1080\" height=\"608\" src=\"https:\/\/www.eparcasepeti.com\/wp-content\/uploads\/2025\/10\/banner3.jpg\" class=\"bg attachment-original size-original\" alt=\"\" \/>                        <div class=\"overlay\"><\/div>            \n                    <\/div>\n\t\t\n        <div class=\"banner-layers container\">\n            <div class=\"fill banner-link\"><\/div>            \n\n   <div id=\"text-box-955847999\" class=\"text-box banner-layer x50 md-x50 lg-x50 y50 md-y50 lg-y50 res-text\">\n                                <div class=\"text-box-content text dark\">\n              \n              <div class=\"text-inner text-center\">\n                  \n\n\t<div id=\"text-2444043563\" class=\"text\">\n\t\t\n\n<h2><strong>Par\u00e7an\u0131z\u0131 Bize Sorabilirsiniz.<\/strong><\/h2>\n\t\t\n<style>\n#text-2444043563 {\n  color: rgb(0,0,0);\n}\n#text-2444043563 > * {\n  color: rgb(0,0,0);\n}\n<\/style>\n\t<\/div>\n\t\n\n              <\/div>\n           <\/div>\n                            \n<style>\n#text-box-955847999 {\n  width: 80%;\n}\n#text-box-955847999 .text-box-content {\n  font-size: 100%;\n}\n<\/style>\n    <\/div>\n \n\n        <\/div>\n      <\/div>\n\n            \n<style>\n#banner-2068748002 {\n  padding-top: 546px;\n}\n#banner-2068748002 .overlay {\n  background-color: rgba(255,255,255,.5);\n}\n#banner-2068748002 .banner-bg img {\n  object-position: 21% 0%;\n}\n<\/style>\n  <\/div>\n\n\n\n\t\t<\/div>\n\t\t\t\t\t<\/div>\n\n\t\n\n\t<div id=\"col-1274792266\" class=\"col medium-5 small-12 large-5\"  >\n\t\t\t\t<div class=\"col-inner\"  >\n\t\t\t\n\t\t\t\n\n\n<div class=\"wpcf7 no-js\" id=\"wpcf7-f2638-o1\" lang=\"tr-TR\" dir=\"ltr\" data-wpcf7-id=\"2638\">\n<div class=\"screen-reader-response\"><p role=\"status\" aria-live=\"polite\" aria-atomic=\"true\"><\/p> <ul><\/ul><\/div>\n<form action=\"\/index.php?rest_route=%2Fwp%2Fv2%2Fpages%2F23#wpcf7-f2638-o1\" method=\"post\" class=\"wpcf7-form init\" aria-label=\"\u0130leti\u015fim Formu\" novalidate=\"novalidate\" data-status=\"init\">\n<fieldset class=\"hidden-fields-container\"><input type=\"hidden\" name=\"_wpcf7\" value=\"2638\" \/><input type=\"hidden\" name=\"_wpcf7_version\" value=\"6.1.5\" \/><input type=\"hidden\" name=\"_wpcf7_locale\" value=\"tr_TR\" \/><input type=\"hidden\" name=\"_wpcf7_unit_tag\" value=\"wpcf7-f2638-o1\" \/><input type=\"hidden\" name=\"_wpcf7_container_post\" value=\"0\" \/><input type=\"hidden\" name=\"_wpcf7_posted_data_hash\" value=\"\" \/>\n<\/fieldset>\n<p><label> Ad\u0131n\u0131z <\/label><br \/>\n<span class=\"wpcf7-form-control-wrap\" data-name=\"your-name\"><input size=\"40\" maxlength=\"400\" class=\"wpcf7-form-control wpcf7-text wpcf7-validates-as-required\" aria-required=\"true\" aria-invalid=\"false\" value=\"\" type=\"text\" name=\"your-name\" \/><\/span>\n<\/p>\n<p><label> E-posta <\/label><br \/>\n<span class=\"wpcf7-form-control-wrap\" data-name=\"your-email\"><input size=\"40\" maxlength=\"400\" class=\"wpcf7-form-control wpcf7-email wpcf7-validates-as-required wpcf7-text wpcf7-validates-as-email\" aria-required=\"true\" aria-invalid=\"false\" value=\"\" type=\"email\" name=\"your-email\" \/><\/span>\n<\/p>\n<p><label> Telefon <\/label><br \/>\n<span class=\"wpcf7-form-control-wrap\" data-name=\"tel-91\"><input size=\"40\" maxlength=\"400\" class=\"wpcf7-form-control wpcf7-tel wpcf7-validates-as-required wpcf7-text wpcf7-validates-as-tel\" aria-required=\"true\" aria-invalid=\"false\" value=\"\" type=\"tel\" name=\"tel-91\" \/><\/span>\n<\/p>\n<p><label> Arac\u0131n\u0131z\u0131n \u015ease Numars\u0131 <\/label><br \/>\n<span class=\"wpcf7-form-control-wrap\" data-name=\"text-360\"><input size=\"40\" maxlength=\"400\" class=\"wpcf7-form-control wpcf7-text wpcf7-validates-as-required\" aria-required=\"true\" aria-invalid=\"false\" value=\"\" type=\"text\" name=\"text-360\" \/><\/span>\n<\/p>\n<p><label> Mesaj\u0131n\u0131z (arad\u0131\u011f\u0131n\u0131z yedek par\u00e7a)<\/label><br \/>\n<span class=\"wpcf7-form-control-wrap\" data-name=\"your-message\"><textarea cols=\"40\" rows=\"10\" maxlength=\"2000\" class=\"wpcf7-form-control wpcf7-textarea\" aria-invalid=\"false\" name=\"your-message\"><\/textarea><\/span>\n<\/p>\n<p><input class=\"wpcf7-form-control wpcf7-submit has-spinner button\" type=\"submit\" value=\"G\u00d6NDER\" \/>\n<\/p><p style=\"display: none !important;\" class=\"akismet-fields-container\" data-prefix=\"_wpcf7_ak_\"><label>&#916;<textarea name=\"_wpcf7_ak_hp_textarea\" cols=\"45\" rows=\"8\" maxlength=\"100\"><\/textarea><\/label><input type=\"hidden\" id=\"ak_js_1\" name=\"_wpcf7_ak_js\" value=\"247\"\/><script>document.getElementById( \"ak_js_1\" ).setAttribute( \"value\", ( new Date() ).getTime() );<\/script><\/p><div class=\"wpcf7-response-output\" aria-hidden=\"true\"><\/div>\n<\/form>\n<\/div>\n\n\n\n\t\t<\/div>\n\t\t\t\t\t<\/div>\n\n\t\n\n<\/div>\n\n","protected":false},"excerpt":{"rendered":"","protected":false},"author":1,"featured_media":0,"parent":0,"menu_order":0,"comment_status":"closed","ping_status":"closed","template":"page-blank.php","meta":{"footnotes":""},"class_list":["post-23","page","type-page","status-publish","hentry"],"_links":{"self":[{"href":"https:\/\/www.eparcasepeti.com\/index.php?rest_route=\/wp\/v2\/pages\/23","targetHints":{"allow":["GET"]}}],"collection":[{"href":"https:\/\/www.eparcasepeti.com\/index.php?rest_route=\/wp\/v2\/pages"}],"about":[{"href":"https:\/\/www.eparcasepeti.com\/index.php?rest_route=\/wp\/v2\/types\/page"}],"author":[{"embeddable":true,"href":"https:\/\/www.eparcasepeti.com\/index.php?rest_route=\/wp\/v2\/users\/1"}],"replies":[{"embeddable":true,"href":"https:\/\/www.eparcasepeti.com\/index.php?rest_route=%2Fwp%2Fv2%2Fcomments&post=23"}],"version-history":[{"count":67,"href":"https:\/\/www.eparcasepeti.com\/index.php?rest_route=\/wp\/v2\/pages\/23\/revisions"}],"predecessor-version":[{"id":2647,"href":"https:\/\/www.eparcasepeti.com\/index.php?rest_route=\/wp\/v2\/pages\/23\/revisions\/2647"}],"wp:attachment":[{"href":"https:\/\/www.eparcasepeti.com\/index.php?rest_route=%2Fwp%2Fv2%2Fmedia&parent=23"}],"curies":[{"name":"wp","href":"https:\/\/api.w.org\/{rel}","templated":true}]}}